{"id":27,"date":"2024-02-04T19:58:13","date_gmt":"2024-02-04T18:58:13","guid":{"rendered":"https:\/\/tatiashanails.pl\/?page_id=27"},"modified":"2024-02-26T19:33:44","modified_gmt":"2024-02-26T18:33:44","slug":"o-nas","status":"publish","type":"page","link":"https:\/\/tatiashanails.pl\/?page_id=27","title":{"rendered":"O nas"},"content":{"rendered":"\n<p class=\"has-theme-palette-9-color has-text-color has-link-color wp-elements-769c031e703d34e8e5e98c559d2deff5\">Nazywam si\u0119 Tatiana. Specjalizuj\u0119 si\u0119 w  manicure i pedicure. Pracuj\u0119 w r\u00f3\u017cnych technikach.  Uwielbiam minimalizm w pracy.<\/p>\n\n\n\n<p class=\"has-theme-palette-9-color has-text-color has-link-color wp-elements-e1b38cb09fdf870672738ca004c7e1fc\">Drug\u0105 moj\u0105 pasj\u0105 jest fotografia. Uwielbiam robi\u0107 sesje w studio, a szczeg\u00f3lnie czarno &#8211; bia\u0142e portrety.<\/p>\n\n\n\n<figure class=\"wp-block-image size-large\"><img loading=\"lazy\" decoding=\"async\" width=\"768\" height=\"1024\" src=\"http:\/\/tatiashanails.pl\/wp-content\/uploads\/2024\/02\/Tatiana-Two-768x1024.jpg\" alt=\"\" class=\"wp-image-119\" srcset=\"https:\/\/tatiashanails.pl\/wp-content\/uploads\/2024\/02\/Tatiana-Two-768x1024.jpg 768w, https:\/\/tatiashanails.pl\/wp-content\/uploads\/2024\/02\/Tatiana-Two-225x300.jpg 225w, https:\/\/tatiashanails.pl\/wp-content\/uploads\/2024\/02\/Tatiana-Two-1152x1536.jpg 1152w, https:\/\/tatiashanails.pl\/wp-content\/uploads\/2024\/02\/Tatiana-Two.jpg 1512w\" sizes=\"auto, (max-width: 768px) 100vw, 768px\" \/><\/figure>\n","protected":false},"excerpt":{"rendered":"<p>Nazywam si\u0119 Tatiana. Specjalizuj\u0119 si\u0119 w manicure i pedicure. Pracuj\u0119 w r\u00f3\u017cnych technikach. Uwielbiam minimalizm w pracy. Drug\u0105 moj\u0105 pasj\u0105 jest fotografia. Uwielbiam robi\u0107 sesje w studio, a szczeg\u00f3lnie czarno &#8211; bia\u0142e portrety.<\/p>\n","protected":false},"author":1,"featured_media":0,"parent":0,"menu_order":0,"comment_status":"closed","ping_status":"closed","template":"","meta":{"_kad_post_transparent":"","_kad_post_title":"hide","_kad_post_layout":"default","_kad_post_sidebar_id":"","_kad_post_content_style":"default","_kad_post_vertical_padding":"","_kad_post_feature":"","_kad_post_feature_position":"","_kad_post_header":false,"_kad_post_footer":false,"_kad_post_classname":"","footnotes":""},"class_list":["post-27","page","type-page","status-publish","hentry"],"_links":{"self":[{"href":"https:\/\/tatiashanails.pl\/index.php?rest_route=\/wp\/v2\/pages\/27","targetHints":{"allow":["GET"]}}],"collection":[{"href":"https:\/\/tatiashanails.pl\/index.php?rest_route=\/wp\/v2\/pages"}],"about":[{"href":"https:\/\/tatiashanails.pl\/index.php?rest_route=\/wp\/v2\/types\/page"}],"author":[{"embeddable":true,"href":"https:\/\/tatiashanails.pl\/index.php?rest_route=\/wp\/v2\/users\/1"}],"replies":[{"embeddable":true,"href":"https:\/\/tatiashanails.pl\/index.php?rest_route=%2Fwp%2Fv2%2Fcomments&post=27"}],"version-history":[{"count":11,"href":"https:\/\/tatiashanails.pl\/index.php?rest_route=\/wp\/v2\/pages\/27\/revisions"}],"predecessor-version":[{"id":227,"href":"https:\/\/tatiashanails.pl\/index.php?rest_route=\/wp\/v2\/pages\/27\/revisions\/227"}],"wp:attachment":[{"href":"https:\/\/tatiashanails.pl\/index.php?rest_route=%2Fwp%2Fv2%2Fmedia&parent=27"}],"curies":[{"name":"wp","href":"https:\/\/api.w.org\/{rel}","templated":true}]}}